{"id":33,"date":"2015-12-11T17:09:41","date_gmt":"2015-12-11T17:09:41","guid":{"rendered":"http:\/\/akkumediation.de\/?page_id=33"},"modified":"2015-12-12T17:38:54","modified_gmt":"2015-12-12T17:38:54","slug":"kontakt","status":"publish","type":"page","link":"http:\/\/akkumediation.de\/?page_id=33","title":{"rendered":"Kontakt"},"content":{"rendered":"<div id=\"pl-33\"  class=\"panel-layout\" ><div id=\"pg-33-0\"  class=\"panel-grid panel-no-style\" ><div id=\"pgc-33-0-0\"  class=\"panel-grid-cell\" ><div id=\"panel-33-0-0-0\" class=\"so-panel widget widget_sow-editor panel-first-child\" data-index=\"0\" ><div class=\"panel-widget-style panel-widget-style-for-33-0-0-0\" ><div\n\t\t\t\n\t\t\tclass=\"so-widget-sow-editor so-widget-sow-editor-base\"\n\t\t\t\n\t\t>\n<div class=\"siteorigin-widget-tinymce textwidget\">\n\t<p><span class=\"normal\"><b>Armin Kurtz<\/b><\/p>\n<p><b>Fon: <\/b>+49 171 7774625<br \/><b>E-Mail:<\/b> <a class=\"link\" href=\"mailto:kurtz@akku-online.de\" target=\"_blank\">kurtz \u00e4t akku-online.de<\/a> <br \/>Hinweis: ersetzen Sie \"\u00e4t\" durch das \"@\"-Zeichen! <\/p>\n<p>Damit ich gezielt Kontakt zu Ihnen aufnehmen kann, machen Sie m\u00f6glichst genaue Angaben.<\/span><\/p>\n<p>\u00a0<\/p>\n<\/div>\n<\/div><\/div><\/div><div id=\"panel-33-0-0-1\" class=\"so-panel widget widget_sow-editor panel-last-child\" data-index=\"1\" ><div class=\"panel-widget-style panel-widget-style-for-33-0-0-1\" ><div\n\t\t\t\n\t\t\tclass=\"so-widget-sow-editor so-widget-sow-editor-base\"\n\t\t\t\n\t\t>\n<div class=\"siteorigin-widget-tinymce textwidget\">\n\t\n\n<div class=\"scfp-form-content\">\n    <form class=\"scfp-form\" id=\"wcpform_1\"  method=\"post\" action=\"\">\n        <input type=\"hidden\" name=\"form_id\" value=\"wcpform_1\"\/>\n        <input type=\"hidden\" name=\"action\" value=\"scfp-form-submit\"\/>\n            <div class=\"scfp-form-row\">\n                    <label class=\"scfp-form-label\" for=\"scfp-name\">Name <span class=\"scfp-form-field-required\">*<\/span><\/label>\n                \n        <input  class=\"scfp-form-field\" type=\"text\" id=\"scfp-name\" name=\"scfp-name\"  required  value=\"\">\n\n            <\/div>\n    <div class=\"scfp-form-row\">\n                    <label class=\"scfp-form-label\" for=\"scfp-email\">Email <span class=\"scfp-form-field-required\">*<\/span><\/label>\n                \n        <input  class=\"scfp-form-field\" type=\"email\" id=\"scfp-email\" name=\"scfp-email\"  required  value=\"\">\n\n            <\/div>\n    <div class=\"scfp-form-row\">\n                    <label class=\"scfp-form-label\" for=\"scfp-phone\">Telefon<\/label>\n                    \n        <input  class=\"scfp-form-field\" type=\"number\" id=\"scfp-phone\" name=\"scfp-phone\"  value=\"\">\n\n                \n    <\/div>\n    <div class=\"scfp-form-row\">\n                    <label class=\"scfp-form-label\" for=\"scfp-subject\">Betreff <span class=\"scfp-form-field-required\">*<\/span><\/label>\n                \n        <input  class=\"scfp-form-field\" type=\"text\" id=\"scfp-subject\" name=\"scfp-subject\"  required  value=\"\">\n\n            <\/div>\n    <div class=\"scfp-form-row\">\n                    <label class=\"scfp-form-label\" for=\"scfp-message\">Ihre Nachricht <span class=\"scfp-form-field-required\">*<\/span><\/label>\n                \n        <textarea  class=\"scfp-form-field scfp-form-message-field\" id=\"scfp-message\" name=\"scfp-message\" required ><\/textarea>        \n        \n                \n    <\/div>\n    <div class=\"scfp-form-row\">\n                    <label class=\"scfp-form-label\" for=\"scfp-captcha\">Sicherheitsabfrage <span class=\"scfp-form-field-required\">*<\/span><\/label>\n                    \n        <div class=\"scfp-captcha\">                                \n            <div class=\"scfp-captcha-image\">\n                <div class=\"scfp-captcha-image-wrapper\">\n                    <img src=\"data:image\/png;base64,iVBORw0KGgoAAAANSUhEUgAAAMgAAABGCAIAAAAGgExhAAAACXBIWXMAAA7EAAAOxAGVKw4bAAAAz0lEQVR4nO3SwQ3AIBDAsNL9dz6WIEJC9gR5ZM3MB6f9twN4k7FIGIuEsUgYi4SxSBiLhLFIGIuEsUgYi4SxSBiLhLFIGIuEsUgYi4SxSBiLhLFIGIuEsUgYi4SxSBiLhLFIGIuEsUgYi4SxSBiLhLFIGIuEsUgYi4SxSBiLhLFIGIuEsUgYi4SxSBiLhLFIGIuEsUgYi4SxSBiLhLFIGIuEsUgYi4SxSBiLhLFIGIuEsUgYi4SxSBiLhLFIGIuEsUgYi4SxSBiLhLFIGIvEBsJGA4kCb7UHAAAAAElFTkSuQmCC\" alt=\"\" \/>\n                <\/div>    \n            <\/div>    \n            <div class=\"scfp-captcha-field\">\n                <input  class=\"scfp-form-field\" type=\"text\" id=\"scfp-captcha\" name=\"scfp-captcha\"  required >\n                <a class=\"scfp-captcha-refresh\" data-key=\"captcha\" data-id=\"wcpform_1\" href=\"javascript:void();\">\n                    <div class=\"scfp-captcha-refresh-inner\">\n                        <div class=\"scfp-captcha-refresh-inner-icon\">\n                            <span class=\"scfp-icon-refresh\"><\/span>\n                            <span class=\"scfp-no-styles\">Refresh<\/span>\n                        <\/div>    \n                    <\/div>    \n                <\/a>\n            <\/div>\n            \n                         \n        <\/div>        \n    <\/div>\n        <div class=\"scfp-form-action scfp-form-button-position-center\">\n            <input class=\"scfp-form-submit\" type=\"submit\" value=\"Senden\">\n        <\/div>        \n    <\/form>\n<\/div>\n\n<\/div>\n<\/div><\/div><\/div><\/div><\/div><\/div>","protected":false},"excerpt":{"rendered":"<p>Armin KurtzFon: +49 171 7774625E-Mail: kurtz \u00e4t akku-online.de Hinweis: ersetzen Sie &#8222;\u00e4t&#8220; durch das &#8222;@&#8220;-Zeichen! Damit ich gezielt Kontakt zu Ihnen aufnehmen kann, machen Sie m\u00f6glichst genaue Angaben.\u00a0<\/p>\n","protected":false},"author":1,"featured_media":0,"parent":0,"menu_order":0,"comment_status":"closed","ping_status":"closed","template":"","meta":[],"_links":{"self":[{"href":"http:\/\/akkumediation.de\/index.php?rest_route=\/wp\/v2\/pages\/33"}],"collection":[{"href":"http:\/\/akkumediation.de\/index.php?rest_route=\/wp\/v2\/pages"}],"about":[{"href":"http:\/\/akkumediation.de\/index.php?rest_route=\/wp\/v2\/types\/page"}],"author":[{"embeddable":true,"href":"http:\/\/akkumediation.de\/index.php?rest_route=\/wp\/v2\/users\/1"}],"replies":[{"embeddable":true,"href":"http:\/\/akkumediation.de\/index.php?rest_route=%2Fwp%2Fv2%2Fcomments&post=33"}],"version-history":[{"count":5,"href":"http:\/\/akkumediation.de\/index.php?rest_route=\/wp\/v2\/pages\/33\/revisions"}],"predecessor-version":[{"id":56,"href":"http:\/\/akkumediation.de\/index.php?rest_route=\/wp\/v2\/pages\/33\/revisions\/56"}],"wp:attachment":[{"href":"http:\/\/akkumediation.de\/index.php?rest_route=%2Fwp%2Fv2%2Fmedia&parent=33"}],"curies":[{"name":"wp","href":"https:\/\/api.w.org\/{rel}","templated":true}]}}