{"id":112,"date":"2015-12-14T11:01:54","date_gmt":"2015-12-14T11:01:54","guid":{"rendered":"http:\/\/akkumediation.de\/?page_id=112"},"modified":"2015-12-19T16:00:17","modified_gmt":"2015-12-19T16:00:17","slug":"ablaufphasen","status":"publish","type":"page","link":"http:\/\/akkumediation.de\/?page_id=112","title":{"rendered":"Ablaufphasen"},"content":{"rendered":"<p><span class=\"normal\">1. Vorgespr\u00e4ch, Mandatskl\u00e4rung, Mediations- und Mediatorenvertrag<br \/>\n2. Er\u00f6ffnungsphase (1. Sitzung)<br \/>\n3. Phase der Bestandsaufnahme (2. Sitzung)<br \/>\n4. Phase der Interessenskl\u00e4rung (3. Sitzung)<br \/>\n5. Phase der L\u00f6sungsoptionen und deren Bewertung (4. Sitzung)<br \/>\n6. Phase des Abschlusses von Vereinbarungen (letzte Sitzung)<\/span><\/p>\n<p>Es k\u00f6nnen in einer Sitzung auch mehrere Phasen bearbeitet werden. Sinnvollerweise werden einzelne Phasen innerhalb einer Sitzung abgeschlossen. H\u00e4ufig wird bereits in 2-3 Sitzungen eine L\u00f6sung von den Beteiligten erarbeitet.<\/p>\n","protected":false},"excerpt":{"rendered":"<p>1. Vorgespr\u00e4ch, Mandatskl\u00e4rung, Mediations- und Mediatorenvertrag 2. Er\u00f6ffnungsphase (1. Sitzung) 3. Phase der Bestandsaufnahme (2. Sitzung) 4. Phase der Interessenskl\u00e4rung (3. Sitzung) 5. Phase der L\u00f6sungsoptionen und deren Bewertung (4. Sitzung) 6. Phase des Abschlusses von Vereinbarungen (letzte Sitzung) Es k\u00f6nnen in einer Sitzung auch mehrere Phasen bearbeitet werden. Sinnvollerweise werden einzelne Phasen innerhalb einer [&hellip;]<\/p>\n","protected":false},"author":1,"featured_media":0,"parent":0,"menu_order":0,"comment_status":"closed","ping_status":"closed","template":"","meta":[],"_links":{"self":[{"href":"http:\/\/akkumediation.de\/index.php?rest_route=\/wp\/v2\/pages\/112"}],"collection":[{"href":"http:\/\/akkumediation.de\/index.php?rest_route=\/wp\/v2\/pages"}],"about":[{"href":"http:\/\/akkumediation.de\/index.php?rest_route=\/wp\/v2\/types\/page"}],"author":[{"embeddable":true,"href":"http:\/\/akkumediation.de\/index.php?rest_route=\/wp\/v2\/users\/1"}],"replies":[{"embeddable":true,"href":"http:\/\/akkumediation.de\/index.php?rest_route=%2Fwp%2Fv2%2Fcomments&post=112"}],"version-history":[{"count":2,"href":"http:\/\/akkumediation.de\/index.php?rest_route=\/wp\/v2\/pages\/112\/revisions"}],"predecessor-version":[{"id":129,"href":"http:\/\/akkumediation.de\/index.php?rest_route=\/wp\/v2\/pages\/112\/revisions\/129"}],"wp:attachment":[{"href":"http:\/\/akkumediation.de\/index.php?rest_route=%2Fwp%2Fv2%2Fmedia&parent=112"}],"curies":[{"name":"wp","href":"https:\/\/api.w.org\/{rel}","templated":true}]}}